{"id":8513,"date":"2020-12-29T12:06:40","date_gmt":"2021-11-18T14:19:44","guid":{"rendered":"https:\/\/webshopromahaus.indivontwikkelt.nl\/product\/schuppen\/"},"modified":"2023-04-19T12:41:13","modified_gmt":"2023-04-19T10:41:13","slug":"schuppen-kunststoff-geraeteschuppen-pultdach-sandwichpaneele-romahaus","status":"publish","type":"product","link":"https:\/\/webshopromahaus.indivontwikkelt.nl\/de\/produkt\/schuppen-kunststoff-geraeteschuppen-pultdach-sandwichpaneele-romahaus\/","title":{"rendered":"Kunststoff-Schuppen Pultdach"},"content":{"rendered":"<p><span class=\"y2iqfc\">Mit einem Kunststoff-Schuppen von Romahaus bleiben Gartenger\u00e4te, Fahrr\u00e4der und Gartenm\u00f6bel zu jeder Zeit trocken und gesch\u00fctzt untergebracht. Die W\u00e4nde vom Kunststoff-Schuppen bestehen aus einer Holzkonstruktion mit Wandprofilen aus recycelbarem Kunststoff. Die Wandprofile sind an Au\u00dfenseite mit feiner Holzstrukturpr\u00e4gung in Wei\u00df oder Cremewei\u00df oder mit feiner, farbechter Holzstrukturfolie in diversen RAL-Farbt\u00f6nen erh\u00e4ltlich. Auch Holzdekore stehen zur Auswahl. Das Dach mit leichter Dachneigung besteht aus ged\u00e4mmten Sandwichpaneelen als Dacheindeckung und ist an R\u00fcckseite mit einer Aluminium Dachrinne versehen. Der Dach\u00fcberstand betr\u00e4gt vorne und seitlich 45 mm. <\/span>Der Kunststoff-Ger\u00e4teschuppen wird in vorgfertigte Wandpaneele, ohne <a href=\"https:\/\/webshopromahaus.indivontwikkelt.nl\/de\/boden-fundament-2\/\">Boden &amp; Fundament<\/a>, geliefert.<\/p>\n","protected":false},"excerpt":{"rendered":"<div class=\"woocommerce-product-details__short-description\">\n<p><strong>Diverse Farbkombinationen<\/strong><\/p>\n<p>Kunststoff Wandprofile, 58 mm<br \/>\nEckschienen Aluminium<br \/>\nDach aus isolierten Sandwichplatten<br \/>\nDachrinne inklusiv Fallrohr<br \/>\nDachleisten in diversen Farben, 45 mm<br \/>\nEinzelt\u00fcr 1000 x 1950 mm<br \/>\nDoppelverglasung (optional T\u00fcrf\u00fcllung \/satiniertes Glas)<\/p>\n<p><strong>Kunststofft\u00fcr in Breiten-und H\u00f6henma\u00df variabel,<\/strong><br \/>\n<strong>optional mit zus\u00e4tzlichen T\u00fcren\/Fenstern<\/strong><\/p>\n<\/div>\n<p>&nbsp;<\/p>\n","protected":false},"featured_media":7021,"template":"","meta":{"_acf_changed":false,"_seopress_robots_primary_cat":"none","_seopress_titles_title":"","_seopress_titles_desc":"","_seopress_robots_index":""},"product_brand":[],"product_cat":[168,170],"product_tag":[630,697,666,613],"class_list":{"0":"post-8513","1":"product","2":"type-product","3":"status-publish","4":"has-post-thumbnail","6":"product_cat-modelle","7":"product_cat-schuppen","8":"product_tag-einzeltur","9":"product_tag-flachdach-de","10":"product_tag-sandwichpaneele","11":"product_tag-schuppen","13":"first","14":"instock","15":"taxable","16":"shipping-taxable","17":"purchasable","18":"product-type-variable","19":"wvs-archive-product-wrapper"},"composite_layout":"","composite_add_to_cart_form_location":"","composite_editable_in_cart":false,"composite_sold_individually_context":"","composite_shop_price_calc":"","composite_components":[],"composite_scenarios":[],"acf":[],"_links":{"self":[{"href":"https:\/\/webshopromahaus.indivontwikkelt.nl\/de\/wp-json\/wp\/v2\/product\/8513","targetHints":{"allow":["GET"]}}],"collection":[{"href":"https:\/\/webshopromahaus.indivontwikkelt.nl\/de\/wp-json\/wp\/v2\/product"}],"about":[{"href":"https:\/\/webshopromahaus.indivontwikkelt.nl\/de\/wp-json\/wp\/v2\/types\/product"}],"wp:featuredmedia":[{"embeddable":true,"href":"https:\/\/webshopromahaus.indivontwikkelt.nl\/de\/wp-json\/wp\/v2\/media\/7021"}],"wp:attachment":[{"href":"https:\/\/webshopromahaus.indivontwikkelt.nl\/de\/wp-json\/wp\/v2\/media?parent=8513"}],"wp:term":[{"taxonomy":"product_brand","embeddable":true,"href":"https:\/\/webshopromahaus.indivontwikkelt.nl\/de\/wp-json\/wp\/v2\/product_brand?post=8513"},{"taxonomy":"product_cat","embeddable":true,"href":"https:\/\/webshopromahaus.indivontwikkelt.nl\/de\/wp-json\/wp\/v2\/product_cat?post=8513"},{"taxonomy":"product_tag","embeddable":true,"href":"https:\/\/webshopromahaus.indivontwikkelt.nl\/de\/wp-json\/wp\/v2\/product_tag?post=8513"}],"curies":[{"name":"wp","href":"https:\/\/api.w.org\/{rel}","templated":true}]}}