{"id":11166,"date":"2022-01-27T15:41:13","date_gmt":"2023-03-30T06:56:45","guid":{"rendered":"https:\/\/webshopromahaus.indivontwikkelt.nl\/?post_type=product&#038;p=11166"},"modified":"2023-03-30T09:03:58","modified_gmt":"2023-03-30T07:03:58","slug":"doppel-tur-1600-x-1950-mm-halbglas","status":"publish","type":"product","link":"https:\/\/webshopromahaus.indivontwikkelt.nl\/de\/produkt\/doppel-tur-1600-x-1950-mm-halbglas\/","title":{"rendered":"Doppelt\u00fcr 1600 x 1950 mm Halbglas"},"content":{"rendered":"<p>Kunststoff Doppelt\u00fcr innen Wei\u00df \/ au\u00dfen Wei\u00df RAL9016 oder Anthrazit RAL7016. Links oder rechts nach au\u00dfen \u00f6ffnend. 2fach Isolierverglasung. Dr. Hahn verstellbare 3D Scharniere. Mehrfachverriegelung (2x Rollzapfenverriegelung, 2 x Pilzkopfverriegelung). Die Kunststofft\u00fcr wird inklusive Zylinderschloss, Dr\u00fcckergarnitur und Aluminium Bodenschwelle geliefert.<\/p>\n","protected":false},"excerpt":{"rendered":"<p><strong>Kunststoff Doppelt\u00fcr mit Halbglas HR++<\/strong><br \/>\n<strong>Wei\u00df RAL9016 oder Anthrazit RAL7016<\/strong><br \/>\nNach au\u00dfen \u00f6ffnend<br \/>\n<strong>Inklusive:<\/strong><br \/>\nMehrfachverriegelung<br \/>\nVerstellbare Scharniere<br \/>\nAluminium Bodenschwelle<br \/>\nDr\u00fcckergarnitur<\/p>\n","protected":false},"featured_media":6802,"template":"","meta":{"_acf_changed":false,"_seopress_robots_primary_cat":"none","_seopress_titles_title":"","_seopress_titles_desc":"","_seopress_robots_index":""},"product_brand":[],"product_cat":[165,164],"product_tag":[766],"class_list":{"0":"post-11166","1":"product","2":"type-product","3":"status-publish","4":"has-post-thumbnail","6":"product_cat-tueren","7":"product_cat-tueren-und-fenster","8":"product_tag-doppeltuer-mit-halbglas","10":"first","11":"instock","12":"taxable","13":"shipping-taxable","14":"purchasable","15":"product-type-variable","16":"wvs-archive-product-wrapper"},"composite_layout":"","composite_add_to_cart_form_location":"","composite_editable_in_cart":false,"composite_sold_individually_context":"","composite_shop_price_calc":"","composite_components":[],"composite_scenarios":[],"acf":[],"_links":{"self":[{"href":"https:\/\/webshopromahaus.indivontwikkelt.nl\/de\/wp-json\/wp\/v2\/product\/11166","targetHints":{"allow":["GET"]}}],"collection":[{"href":"https:\/\/webshopromahaus.indivontwikkelt.nl\/de\/wp-json\/wp\/v2\/product"}],"about":[{"href":"https:\/\/webshopromahaus.indivontwikkelt.nl\/de\/wp-json\/wp\/v2\/types\/product"}],"wp:featuredmedia":[{"embeddable":true,"href":"https:\/\/webshopromahaus.indivontwikkelt.nl\/de\/wp-json\/wp\/v2\/media\/6802"}],"wp:attachment":[{"href":"https:\/\/webshopromahaus.indivontwikkelt.nl\/de\/wp-json\/wp\/v2\/media?parent=11166"}],"wp:term":[{"taxonomy":"product_brand","embeddable":true,"href":"https:\/\/webshopromahaus.indivontwikkelt.nl\/de\/wp-json\/wp\/v2\/product_brand?post=11166"},{"taxonomy":"product_cat","embeddable":true,"href":"https:\/\/webshopromahaus.indivontwikkelt.nl\/de\/wp-json\/wp\/v2\/product_cat?post=11166"},{"taxonomy":"product_tag","embeddable":true,"href":"https:\/\/webshopromahaus.indivontwikkelt.nl\/de\/wp-json\/wp\/v2\/product_tag?post=11166"}],"curies":[{"name":"wp","href":"https:\/\/api.w.org\/{rel}","templated":true}]}}