{"id":11131,"date":"2022-01-28T10:37:26","date_gmt":"2023-03-27T10:54:44","guid":{"rendered":"https:\/\/webshopromahaus.indivontwikkelt.nl\/?post_type=product&#038;p=11131"},"modified":"2023-03-30T08:45:04","modified_gmt":"2023-03-30T06:45:04","slug":"einzel-tur-1000-x-2100-mm-hochglas","status":"publish","type":"product","link":"https:\/\/webshopromahaus.indivontwikkelt.nl\/de\/produkt\/einzel-tur-1000-x-2100-mm-hochglas\/","title":{"rendered":"Einzelt\u00fcr 1000 x 2100 mm hoher Lichtausschnitt"},"content":{"rendered":"<p>Kunststofft\u00fcr innen Wei\u00df \/ au\u00dfen Wei\u00df RAL9016 oder Anthrazit RAL7016. Links oder rechts nach au\u00dfen \u00f6ffnend. 2fach Isolierverglasung. Hoher Lichtausschnitt. Dr. Hahn verstellbare 3D Scharniere. Mehrfachverriegelung (2x Rollzapfenverriegelung, 2 x Pilzkopfverriegelung). Die Kunststofft\u00fcr wird inklusive Zylinderschloss, Dr\u00fcckergarnitur und Aluminium Bodenschwelle geliefert.<\/p>\n","protected":false},"excerpt":{"rendered":"<p><strong>Kunststofft\u00fcr hoher Lichtausschnitt<br \/>\n<\/strong><strong>HR++ Isolierverglasung<\/strong><br \/>\n<strong>Wei\u00df RAL9016 oder Anthrazit RAL7016<\/strong><br \/>\nNach au\u00dfen \u00f6ffnend<br \/>\n<strong>Inklusive:<\/strong><br \/>\nMehrfachverriegelung<br \/>\nVerstellbare Scharniere<br \/>\nAluminium Bodenschwelle<br \/>\nDr\u00fcckergarnitur<\/p>\n","protected":false},"featured_media":6808,"template":"","meta":{"_acf_changed":false,"_seopress_robots_primary_cat":"none","_seopress_titles_title":"","_seopress_titles_desc":"","_seopress_robots_index":""},"product_brand":[],"product_cat":[165,164],"product_tag":[],"class_list":{"0":"post-11131","1":"product","2":"type-product","3":"status-publish","4":"has-post-thumbnail","6":"product_cat-tueren","7":"product_cat-tueren-und-fenster","9":"first","10":"instock","11":"taxable","12":"shipping-taxable","13":"purchasable","14":"product-type-variable","15":"wvs-archive-product-wrapper"},"composite_layout":"","composite_add_to_cart_form_location":"","composite_editable_in_cart":false,"composite_sold_individually_context":"","composite_shop_price_calc":"","composite_components":[],"composite_scenarios":[],"acf":[],"_links":{"self":[{"href":"https:\/\/webshopromahaus.indivontwikkelt.nl\/de\/wp-json\/wp\/v2\/product\/11131","targetHints":{"allow":["GET"]}}],"collection":[{"href":"https:\/\/webshopromahaus.indivontwikkelt.nl\/de\/wp-json\/wp\/v2\/product"}],"about":[{"href":"https:\/\/webshopromahaus.indivontwikkelt.nl\/de\/wp-json\/wp\/v2\/types\/product"}],"wp:featuredmedia":[{"embeddable":true,"href":"https:\/\/webshopromahaus.indivontwikkelt.nl\/de\/wp-json\/wp\/v2\/media\/6808"}],"wp:attachment":[{"href":"https:\/\/webshopromahaus.indivontwikkelt.nl\/de\/wp-json\/wp\/v2\/media?parent=11131"}],"wp:term":[{"taxonomy":"product_brand","embeddable":true,"href":"https:\/\/webshopromahaus.indivontwikkelt.nl\/de\/wp-json\/wp\/v2\/product_brand?post=11131"},{"taxonomy":"product_cat","embeddable":true,"href":"https:\/\/webshopromahaus.indivontwikkelt.nl\/de\/wp-json\/wp\/v2\/product_cat?post=11131"},{"taxonomy":"product_tag","embeddable":true,"href":"https:\/\/webshopromahaus.indivontwikkelt.nl\/de\/wp-json\/wp\/v2\/product_tag?post=11131"}],"curies":[{"name":"wp","href":"https:\/\/api.w.org\/{rel}","templated":true}]}}